{"id":8,"date":"2019-06-27T17:02:15","date_gmt":"2019-06-27T15:02:15","guid":{"rendered":"http:\/\/traildesroses.com\/bertrand@bankiiiz.com\/?page_id=8"},"modified":"2026-02-12T09:30:35","modified_gmt":"2026-02-12T08:30:35","slug":"accueil","status":"publish","type":"page","link":"https:\/\/traildesroses.com\/","title":{"rendered":"Accueil"},"content":{"rendered":"\n<figure class=\"wp-block-image size-large\"><img loading=\"lazy\" decoding=\"async\" width=\"722\" height=\"1024\" src=\"https:\/\/traildesroses.com\/wp-content\/uploads\/2026\/02\/AfficheA52026-722x1024.jpg\" alt=\"\" class=\"wp-image-937\" srcset=\"https:\/\/traildesroses.com\/wp-content\/uploads\/2026\/02\/AfficheA52026-722x1024.jpg 722w, https:\/\/traildesroses.com\/wp-content\/uploads\/2026\/02\/AfficheA52026-211x300.jpg 211w, https:\/\/traildesroses.com\/wp-content\/uploads\/2026\/02\/AfficheA52026-768x1090.jpg 768w, https:\/\/traildesroses.com\/wp-content\/uploads\/2026\/02\/AfficheA52026-1083x1536.jpg 1083w, https:\/\/traildesroses.com\/wp-content\/uploads\/2026\/02\/AfficheA52026-1444x2048.jpg 1444w, https:\/\/traildesroses.com\/wp-content\/uploads\/2026\/02\/AfficheA52026.jpg 1748w\" sizes=\"auto, (max-width: 722px) 100vw, 722px\" \/><\/figure>\n\n\n\n<p class=\"has-text-align-center\"><strong>TRAIL DES ROSES le DIMANCHE 1 mars 2026.<\/strong><\/p>\n\n\n\n<p>Le Trail des Roses fera son retour le <strong>dimanche 1 mars 2026<\/strong>&nbsp;! Nous sommes heureux de pouvoir proposer \u00e0 nouveau cette course hivernale.<\/p>\n\n\n\n<p><strong>DEUXIEME ANNEE SUR LES PARCOURS. DERNIERE ANNEE AUSSI. DERNIERE CHANCE DE BATTRE VOTRE RECORD&nbsp;!!!<\/strong><\/p>\n\n\n\n<p>Fort du succ\u00e8s des 5 premi\u00e8res \u00e9ditions, nous pr\u00e9parons cette nouvelle \u00e9dition avec beaucoup de plaisir. &nbsp;Nous esp\u00e9rons afficher complet comme lors des \u00e9ditions pr\u00e9c\u00e9dentes et proposons cette ann\u00e9e 900 places<\/p>\n\n\n\n<p>RAPPEL&nbsp;: Chaque ann\u00e9e, nous sommes oblig\u00e9s de refuser du monde, alors n\u2019h\u00e9sitez pas&nbsp;!<\/p>\n\n\n\n<p><strong><u>2 courses au programme&nbsp;:<\/u><\/strong><\/p>\n\n\n\n<ul class=\"wp-block-list\">\n<li>Un trail de 10km chronom\u00e9tr\u00e9<\/li>\n\n\n\n<li>Un trail de 21km chronom\u00e9tr\u00e9<\/li>\n<\/ul>\n\n\n\n<p>Points de vue superbes durant le parcours, des mont\u00e9es et descentes qui vont faire mal aux jambes, une bonne ambiance \u00e0 l\u2019arriv\u00e9e avec une collation \u00e0 partager entre amis seront les \u00e9l\u00e9ments forts de notre trail.<\/p>\n\n\n\n<p>Et pour tous les participants, une ROSE, une bi\u00e8re (ou autre boisson) et une collation sp\u00e9cialit\u00e9 de Moras \u00e0 l\u2019arriv\u00e9e. Nous voulons faire du Trail des Roses une course de reprise o\u00f9 se m\u00e9langent performance et convivialit\u00e9.<\/p>\n\n\n\n<p><strong>AU PLAISIR DE VOUS RETROUVER.<\/strong><\/p>\n","protected":false},"excerpt":{"rendered":"<p>TRAIL DES ROSES le DIMANCHE 1 mars 2026. Le Trail des Roses fera son retour le dimanche 1 mars 2026&nbsp;! Nous sommes heureux de pouvoir proposer \u00e0 nouveau cette course hivernale. DEUXIEME ANNEE SUR LES PARCOURS. DERNIERE ANNEE AUSSI. DERNIERE CHANCE DE BATTRE VOTRE RECORD&nbsp;!!! Fort du succ\u00e8s des 5 premi\u00e8res \u00e9ditions, nous pr\u00e9parons cette &hellip; <\/p>\n<p class=\"link-more\"><a href=\"https:\/\/traildesroses.com\/\" class=\"more-link\">Continuer la lecture<span class=\"screen-reader-text\"> de &laquo;&nbsp;Accueil&nbsp;&raquo;<\/span><\/a><\/p>\n","protected":false},"author":1,"featured_media":0,"parent":0,"menu_order":0,"comment_status":"closed","ping_status":"closed","template":"","meta":{"footnotes":""},"class_list":["post-8","page","type-page","status-publish","hentry"],"_links":{"self":[{"href":"https:\/\/traildesroses.com\/index.php?rest_route=\/wp\/v2\/pages\/8","targetHints":{"allow":["GET"]}}],"collection":[{"href":"https:\/\/traildesroses.com\/index.php?rest_route=\/wp\/v2\/pages"}],"about":[{"href":"https:\/\/traildesroses.com\/index.php?rest_route=\/wp\/v2\/types\/page"}],"author":[{"embeddable":true,"href":"https:\/\/traildesroses.com\/index.php?rest_route=\/wp\/v2\/users\/1"}],"replies":[{"embeddable":true,"href":"https:\/\/traildesroses.com\/index.php?rest_route=%2Fwp%2Fv2%2Fcomments&post=8"}],"version-history":[{"count":53,"href":"https:\/\/traildesroses.com\/index.php?rest_route=\/wp\/v2\/pages\/8\/revisions"}],"predecessor-version":[{"id":938,"href":"https:\/\/traildesroses.com\/index.php?rest_route=\/wp\/v2\/pages\/8\/revisions\/938"}],"wp:attachment":[{"href":"https:\/\/traildesroses.com\/index.php?rest_route=%2Fwp%2Fv2%2Fmedia&parent=8"}],"curies":[{"name":"wp","href":"https:\/\/api.w.org\/{rel}","templated":true}]}}