{"id":632,"date":"2022-03-22T12:22:50","date_gmt":"2022-03-22T11:22:50","guid":{"rendered":"http:\/\/traildesroses.com\/?page_id=632"},"modified":"2024-05-31T13:00:45","modified_gmt":"2024-05-31T11:00:45","slug":"course-enfant","status":"publish","type":"page","link":"https:\/\/traildesroses.com\/?page_id=632","title":{"rendered":"COURSE ENFANT"},"content":{"rendered":"\n<h2 class=\"wp-block-heading has-text-align-center\"><u><strong><span class=\"has-inline-color has-vivid-red-color\">COURSES ENFANTS&nbsp;:<\/span><\/strong><\/u><\/h2>\n\n\n\n<h2 class=\"wp-block-heading has-text-align-center\"><mark style=\"background-color:rgba(0, 0, 0, 0)\" class=\"has-inline-color has-vivid-red-color\"><strong>Course&nbsp;3,2km \u00ab\u00a0grands et ados\u00a0\u00bb<\/strong><\/mark><\/h2>\n\n\n\n<p><strong><u>Dossard et puce de chronom\u00e9trage<\/u><\/strong><\/p>\n\n\n\n<p><strong><u>D\u00e9part<\/u><\/strong>&nbsp;: 11h40&nbsp;&nbsp;<\/p>\n\n\n\n<p><strong>Enfants de 2015 \u00e0 2010.<\/strong><\/p>\n\n\n\n<p><strong><u>Prix<\/u><\/strong>&nbsp;: Gratuit<\/p>\n\n\n\n<p><strong><u><a href=\"https:\/\/inscriptions-terrederunning.com\/bouclerose2023\">Inscriptions internet<\/a><\/u><\/strong><\/p>\n\n\n\n<p><strong><u>D\u00e9roulement<\/u><\/strong>\u00a0: D\u00e9part \u00e0 11h30 sur un boucle de 3,2km avec 85m D+. 2,2 km de chemin et 1km de goudron.<\/p>\n\n\n\n<p>Les enfants auront une puce pour \u00eatre chronom\u00e9tr\u00e9s. Un classement sera \u00e9tabli par cat\u00e9gorie.<\/p>\n\n\n\n<figure class=\"wp-block-image size-large\"><img loading=\"lazy\" decoding=\"async\" width=\"594\" height=\"489\" src=\"https:\/\/traildesroses.com\/wp-content\/uploads\/2021\/04\/trace-boucle-rose-1.png\" alt=\"\" class=\"wp-image-411\" srcset=\"https:\/\/traildesroses.com\/wp-content\/uploads\/2021\/04\/trace-boucle-rose-1.png 594w, https:\/\/traildesroses.com\/wp-content\/uploads\/2021\/04\/trace-boucle-rose-1-300x247.png 300w\" sizes=\"auto, (max-width: 594px) 100vw, 594px\" \/><\/figure>\n\n\n\n<p class=\"has-text-align-center has-vivid-red-color has-text-color has-medium-font-size\"><strong>Course des \u00ab&nbsp;moyens&nbsp;\u00bb<\/strong><\/p>\n\n\n\n<p><strong><u>Dossard et puce de chronom\u00e9trage<\/u><\/strong><\/p>\n\n\n\n<p><strong><u>D\u00e9part<\/u><\/strong>&nbsp;: 11h45&nbsp;&nbsp;<\/p>\n\n\n\n<p><strong>Enfants de 2016 \u00e0 2015.<\/strong><\/p>\n\n\n\n<p><strong><u>Prix<\/u><\/strong>&nbsp;: Gratuit<\/p>\n\n\n\n<p><strong><u><a href=\"https:\/\/inscriptions-terrederunning.com\/bouclerose2023\">Inscriptions internet<\/a><\/u><\/strong><\/p>\n\n\n\n<p><strong><u>D\u00e9roulement<\/u><\/strong>&nbsp;: sur un boucle de 1,2km. La circulation sera enti\u00e8rement ferm\u00e9e le temps de la course.<\/p>\n\n\n\n<p>Les enfants auront une puce pour \u00eatre chronom\u00e9tr\u00e9s. Un classement sera \u00e9tabli.<\/p>\n\n\n\n<p class=\"has-text-align-center has-vivid-red-color has-text-color has-medium-font-size\"><strong>Course 500m \u00ab&nbsp;petits&nbsp;\u00bb<\/strong><\/p>\n\n\n\n<p><strong><u>D\u00e9part<\/u><\/strong>&nbsp;: 11h30.&nbsp;<\/p>\n\n\n\n<p><strong>Enfants de 2021 \u00e0 2016.<\/strong><\/p>\n\n\n\n<p><strong><u>Prix<\/u><\/strong>&nbsp;: Gratuit<\/p>\n\n\n\n<p><strong><u><a href=\"https:\/\/inscriptions-terrederunning.com\/bouclerose2023\">Inscriptions internet<\/a><\/u><\/strong><\/p>\n\n\n\n<p><strong><u>D\u00e9roulement&nbsp;: <\/u><\/strong>Cette course se d\u00e9roulera autour du parking et de la place du village. Il faudra effectuer deux tours de 250m. L\u2019espace sera totalement ferm\u00e9 \u00e0 la circulation.<\/p>\n\n\n\n<p>Le premier tour se fera derri\u00e8re deux adultes qui tiendront une corde. Le rythme sera peu \u00e9lev\u00e9 sur cette premi\u00e8re boucle. Puis, au passage sous l\u2019arche \u00e0 la fin du premier tour.<\/p>\n\n\n\n<p>Ensuite, les enfants effectueront le deuxi\u00e8me tour librement (A FOND&nbsp;!!!).<\/p>\n","protected":false},"excerpt":{"rendered":"<p>COURSES ENFANTS&nbsp;: Course&nbsp;3,2km \u00ab\u00a0grands et ados\u00a0\u00bb Dossard et puce de chronom\u00e9trage D\u00e9part&nbsp;: 11h40&nbsp;&nbsp; Enfants de 2015 \u00e0 2010. Prix&nbsp;: Gratuit Inscriptions internet D\u00e9roulement\u00a0: D\u00e9part \u00e0 11h30 sur un boucle de 3,2km avec 85m D+. 2,2 km de chemin et 1km de goudron. Les enfants auront une puce pour \u00eatre chronom\u00e9tr\u00e9s. Un classement sera \u00e9tabli par &hellip; <\/p>\n<p class=\"link-more\"><a href=\"https:\/\/traildesroses.com\/?page_id=632\" class=\"more-link\">Continuer la lecture<span class=\"screen-reader-text\"> de &laquo;&nbsp;COURSE ENFANT&nbsp;&raquo;<\/span><\/a><\/p>\n","protected":false},"author":1,"featured_media":0,"parent":0,"menu_order":0,"comment_status":"closed","ping_status":"closed","template":"","meta":{"footnotes":""},"class_list":["post-632","page","type-page","status-publish","hentry"],"_links":{"self":[{"href":"https:\/\/traildesroses.com\/index.php?rest_route=\/wp\/v2\/pages\/632","targetHints":{"allow":["GET"]}}],"collection":[{"href":"https:\/\/traildesroses.com\/index.php?rest_route=\/wp\/v2\/pages"}],"about":[{"href":"https:\/\/traildesroses.com\/index.php?rest_route=\/wp\/v2\/types\/page"}],"author":[{"embeddable":true,"href":"https:\/\/traildesroses.com\/index.php?rest_route=\/wp\/v2\/users\/1"}],"replies":[{"embeddable":true,"href":"https:\/\/traildesroses.com\/index.php?rest_route=%2Fwp%2Fv2%2Fcomments&post=632"}],"version-history":[{"count":14,"href":"https:\/\/traildesroses.com\/index.php?rest_route=\/wp\/v2\/pages\/632\/revisions"}],"predecessor-version":[{"id":815,"href":"https:\/\/traildesroses.com\/index.php?rest_route=\/wp\/v2\/pages\/632\/revisions\/815"}],"wp:attachment":[{"href":"https:\/\/traildesroses.com\/index.php?rest_route=%2Fwp%2Fv2%2Fmedia&parent=632"}],"curies":[{"name":"wp","href":"https:\/\/api.w.org\/{rel}","templated":true}]}}