{"id":63,"date":"2019-09-18T15:07:50","date_gmt":"2019-09-18T13:07:50","guid":{"rendered":"http:\/\/traildesroses.com\/?page_id=63"},"modified":"2026-02-12T17:12:30","modified_gmt":"2026-02-12T16:12:30","slug":"parcours-le-tour-des-hameaux-11-km-avec-270d","status":"publish","type":"page","link":"https:\/\/traildesroses.com\/?page_id=63","title":{"rendered":"Parcours Le Tour des Hameaux (10 km avec 230D+)."},"content":{"rendered":"\n<p><\/p>\n\n\n<div class=\"wp-block-image\">\n<figure class=\"aligncenter size-full\"><img loading=\"lazy\" decoding=\"async\" width=\"1717\" height=\"1187\" src=\"https:\/\/traildesroses.com\/wp-content\/uploads\/2026\/02\/carte-10-km.png\" alt=\"\" class=\"wp-image-963\" srcset=\"https:\/\/traildesroses.com\/wp-content\/uploads\/2026\/02\/carte-10-km.png 1717w, https:\/\/traildesroses.com\/wp-content\/uploads\/2026\/02\/carte-10-km-300x207.png 300w, https:\/\/traildesroses.com\/wp-content\/uploads\/2026\/02\/carte-10-km-1024x708.png 1024w, https:\/\/traildesroses.com\/wp-content\/uploads\/2026\/02\/carte-10-km-768x531.png 768w, https:\/\/traildesroses.com\/wp-content\/uploads\/2026\/02\/carte-10-km-1536x1062.png 1536w\" sizes=\"auto, (max-width: 767px) 89vw, (max-width: 1000px) 54vw, (max-width: 1071px) 543px, 580px\" \/><\/figure>\n<\/div>\n\n\n<p>Sur ce parcours&nbsp;<strong><em>vallonn\u00e9 de 10 km et 230 de D+<\/em><\/strong>, pas de difficult\u00e9 particuli\u00e8re. Quelques mont\u00e9es un peu s\u00e8ches mais rien de bien long. Un nouveau parcours tout en relance.<\/p>\n\n\n\n<p>Apr\u00e8s ce bel effort, une rose, un repas et une boisson (bi\u00e8re ou autres) vous seront offerts.<\/p>\n\n\n\n<p>Ouvert aux 2009 et avant. (autorisation parentale demand\u00e9e aux mineurs).<\/p>\n\n\n\n<p>Limit\u00e9 \u00e0 450coureurs.<\/p>\n\n\n\n<p>Prix&nbsp;: 13 \u20ac + frais internet.<\/p>\n\n\n\n<figure class=\"wp-block-image size-full\"><img loading=\"lazy\" decoding=\"async\" width=\"661\" height=\"546\" src=\"https:\/\/traildesroses.com\/wp-content\/uploads\/2026\/02\/profil-10-km.png\" alt=\"\" class=\"wp-image-964\" srcset=\"https:\/\/traildesroses.com\/wp-content\/uploads\/2026\/02\/profil-10-km.png 661w, https:\/\/traildesroses.com\/wp-content\/uploads\/2026\/02\/profil-10-km-300x248.png 300w\" sizes=\"auto, (max-width: 661px) 100vw, 661px\" \/><\/figure>\n\n\n<div class=\"wp-block-image\">\n<figure class=\"aligncenter size-full is-resized\"><img loading=\"lazy\" decoding=\"async\" width=\"543\" height=\"163\" src=\"https:\/\/traildesroses.com\/wp-content\/uploads\/2026\/02\/Image2.png\" alt=\"\" class=\"wp-image-946\" style=\"width:375px;height:auto\" srcset=\"https:\/\/traildesroses.com\/wp-content\/uploads\/2026\/02\/Image2.png 543w, https:\/\/traildesroses.com\/wp-content\/uploads\/2026\/02\/Image2-300x90.png 300w\" sizes=\"auto, (max-width: 543px) 100vw, 543px\" \/><\/figure>\n<\/div>\n\n<div class=\"wp-block-image\">\n<figure class=\"aligncenter size-full is-resized\"><img loading=\"lazy\" decoding=\"async\" width=\"483\" height=\"241\" src=\"https:\/\/traildesroses.com\/wp-content\/uploads\/2026\/02\/Image5.png\" alt=\"\" class=\"wp-image-947\" style=\"width:377px;height:auto\" srcset=\"https:\/\/traildesroses.com\/wp-content\/uploads\/2026\/02\/Image5.png 483w, https:\/\/traildesroses.com\/wp-content\/uploads\/2026\/02\/Image5-300x150.png 300w\" sizes=\"auto, (max-width: 483px) 100vw, 483px\" \/><\/figure>\n<\/div>","protected":false},"excerpt":{"rendered":"<p>Sur ce parcours&nbsp;vallonn\u00e9 de 10 km et 230 de D+, pas de difficult\u00e9 particuli\u00e8re. Quelques mont\u00e9es un peu s\u00e8ches mais rien de bien long. Un nouveau parcours tout en relance. Apr\u00e8s ce bel effort, une rose, un repas et une boisson (bi\u00e8re ou autres) vous seront offerts. Ouvert aux 2009 et avant. (autorisation parentale demand\u00e9e &hellip; <\/p>\n<p class=\"link-more\"><a href=\"https:\/\/traildesroses.com\/?page_id=63\" class=\"more-link\">Continuer la lecture<span class=\"screen-reader-text\"> de &laquo;&nbsp;Parcours Le Tour des Hameaux (10 km avec 230D+).&nbsp;&raquo;<\/span><\/a><\/p>\n","protected":false},"author":1,"featured_media":0,"parent":0,"menu_order":0,"comment_status":"closed","ping_status":"closed","template":"","meta":{"footnotes":""},"class_list":["post-63","page","type-page","status-publish","hentry"],"_links":{"self":[{"href":"https:\/\/traildesroses.com\/index.php?rest_route=\/wp\/v2\/pages\/63","targetHints":{"allow":["GET"]}}],"collection":[{"href":"https:\/\/traildesroses.com\/index.php?rest_route=\/wp\/v2\/pages"}],"about":[{"href":"https:\/\/traildesroses.com\/index.php?rest_route=\/wp\/v2\/types\/page"}],"author":[{"embeddable":true,"href":"https:\/\/traildesroses.com\/index.php?rest_route=\/wp\/v2\/users\/1"}],"replies":[{"embeddable":true,"href":"https:\/\/traildesroses.com\/index.php?rest_route=%2Fwp%2Fv2%2Fcomments&post=63"}],"version-history":[{"count":28,"href":"https:\/\/traildesroses.com\/index.php?rest_route=\/wp\/v2\/pages\/63\/revisions"}],"predecessor-version":[{"id":965,"href":"https:\/\/traildesroses.com\/index.php?rest_route=\/wp\/v2\/pages\/63\/revisions\/965"}],"wp:attachment":[{"href":"https:\/\/traildesroses.com\/index.php?rest_route=%2Fwp%2Fv2%2Fmedia&parent=63"}],"curies":[{"name":"wp","href":"https:\/\/api.w.org\/{rel}","templated":true}]}}