{"id":61,"date":"2019-09-18T15:07:19","date_gmt":"2019-09-18T13:07:19","guid":{"rendered":"http:\/\/traildesroses.com\/?page_id=61"},"modified":"2026-02-12T09:39:28","modified_gmt":"2026-02-12T08:39:28","slug":"parcours-le-tour-des-legendes-19-km-avec-450d","status":"publish","type":"page","link":"https:\/\/traildesroses.com\/?page_id=61","title":{"rendered":"Parcours Le semi des L\u00e9gendes (20 km avec 550D+)."},"content":{"rendered":"<div class=\"wp-block-image\">\n<figure class=\"aligncenter size-full\"><img loading=\"lazy\" decoding=\"async\" width=\"2482\" height=\"1127\" src=\"https:\/\/traildesroses.com\/wp-content\/uploads\/2026\/02\/Capture-decran-20.png\" alt=\"\" class=\"wp-image-939\" srcset=\"https:\/\/traildesroses.com\/wp-content\/uploads\/2026\/02\/Capture-decran-20.png 2482w, https:\/\/traildesroses.com\/wp-content\/uploads\/2026\/02\/Capture-decran-20-300x136.png 300w, https:\/\/traildesroses.com\/wp-content\/uploads\/2026\/02\/Capture-decran-20-1024x465.png 1024w, https:\/\/traildesroses.com\/wp-content\/uploads\/2026\/02\/Capture-decran-20-768x349.png 768w, https:\/\/traildesroses.com\/wp-content\/uploads\/2026\/02\/Capture-decran-20-1536x697.png 1536w, https:\/\/traildesroses.com\/wp-content\/uploads\/2026\/02\/Capture-decran-20-2048x930.png 2048w\" sizes=\"auto, (max-width: 767px) 89vw, (max-width: 1000px) 54vw, (max-width: 1071px) 543px, 580px\" \/><\/figure>\n<\/div>\n\n\n<h2 class=\"wp-block-heading\">Sur ce parcours&nbsp;<strong><em>vallonn\u00e9 de 21km et 550 de D+<\/em><\/strong>, pr\u00e9voyez deux descentes techniques et deux belles mont\u00e9es. Le reste du parcours est peu technique. Mais, pour le d\u00e9couvrir, il faudra venir sur la course. Les parcours ne seront pas d\u00e9voil\u00e9s \u00e0 l\u2019avance.<\/h2>\n\n\n\n<p>Bord du lac, for\u00eats, \u00e9curies, ch\u00e2teaux, chapelles, partez \u00e0 la d\u00e9couverte de Moras.<\/p>\n\n\n\n<p>Des vues magnifiques sur les Alpes vous seront propos\u00e9es sur la fin du parcours.<\/p>\n\n\n\n<p>Si vous \u00eates en forme, n\u2019h\u00e9sitez pas, ce <strong><mark style=\"background-color:rgba(0, 0, 0, 0)\" class=\"has-inline-color has-vivid-red-color\">SEMI TRAIL<\/mark>&nbsp;<\/strong> est pour vous.<\/p>\n\n\n\n<p>Apr\u00e8s ce bel effort, une rose, une collation g\u00e9ante (tuile de parmesan, lard grill\u00e9e, bleu du Vercors, poulet grill\u00e9\u2026) &nbsp;et une boisson (bi\u00e8re ou autres) vous seront offerts.<\/p>\n\n\n\n<p>Ouvert aux personnes majeures.<\/p>\n\n\n\n<p>Limit\u00e9 \u00e0 450coureurs.<\/p>\n\n\n\n<p>Prix&nbsp;: 20\u20ac + frais internet.<\/p>\n\n\n<div class=\"wp-block-image\">\n<figure class=\"aligncenter size-full\"><img loading=\"lazy\" decoding=\"async\" width=\"541\" height=\"171\" src=\"https:\/\/traildesroses.com\/wp-content\/uploads\/2026\/02\/Image6.png\" alt=\"\" class=\"wp-image-941\" srcset=\"https:\/\/traildesroses.com\/wp-content\/uploads\/2026\/02\/Image6.png 541w, https:\/\/traildesroses.com\/wp-content\/uploads\/2026\/02\/Image6-300x95.png 300w\" sizes=\"auto, (max-width: 541px) 100vw, 541px\" \/><\/figure>\n<\/div>\n\n<div class=\"wp-block-image\">\n<figure class=\"aligncenter size-full\"><img loading=\"lazy\" decoding=\"async\" width=\"523\" height=\"273\" src=\"https:\/\/traildesroses.com\/wp-content\/uploads\/2026\/02\/Image7.png\" alt=\"\" class=\"wp-image-942\" srcset=\"https:\/\/traildesroses.com\/wp-content\/uploads\/2026\/02\/Image7.png 523w, https:\/\/traildesroses.com\/wp-content\/uploads\/2026\/02\/Image7-300x157.png 300w\" sizes=\"auto, (max-width: 523px) 100vw, 523px\" \/><\/figure>\n<\/div>","protected":false},"excerpt":{"rendered":"<p>Sur ce parcours&nbsp;vallonn\u00e9 de 21km et 550 de D+, pr\u00e9voyez deux descentes techniques et deux belles mont\u00e9es. Le reste du parcours est peu technique. Mais, pour le d\u00e9couvrir, il faudra venir sur la course. Les parcours ne seront pas d\u00e9voil\u00e9s \u00e0 l\u2019avance. Bord du lac, for\u00eats, \u00e9curies, ch\u00e2teaux, chapelles, partez \u00e0 la d\u00e9couverte de Moras. &hellip; <\/p>\n<p class=\"link-more\"><a href=\"https:\/\/traildesroses.com\/?page_id=61\" class=\"more-link\">Continuer la lecture<span class=\"screen-reader-text\"> de &laquo;&nbsp;Parcours Le semi des L\u00e9gendes (20 km avec 550D+).&nbsp;&raquo;<\/span><\/a><\/p>\n","protected":false},"author":1,"featured_media":0,"parent":0,"menu_order":0,"comment_status":"closed","ping_status":"closed","template":"","meta":{"footnotes":""},"class_list":["post-61","page","type-page","status-publish","hentry"],"_links":{"self":[{"href":"https:\/\/traildesroses.com\/index.php?rest_route=\/wp\/v2\/pages\/61","targetHints":{"allow":["GET"]}}],"collection":[{"href":"https:\/\/traildesroses.com\/index.php?rest_route=\/wp\/v2\/pages"}],"about":[{"href":"https:\/\/traildesroses.com\/index.php?rest_route=\/wp\/v2\/types\/page"}],"author":[{"embeddable":true,"href":"https:\/\/traildesroses.com\/index.php?rest_route=\/wp\/v2\/users\/1"}],"replies":[{"embeddable":true,"href":"https:\/\/traildesroses.com\/index.php?rest_route=%2Fwp%2Fv2%2Fcomments&post=61"}],"version-history":[{"count":20,"href":"https:\/\/traildesroses.com\/index.php?rest_route=\/wp\/v2\/pages\/61\/revisions"}],"predecessor-version":[{"id":943,"href":"https:\/\/traildesroses.com\/index.php?rest_route=\/wp\/v2\/pages\/61\/revisions\/943"}],"wp:attachment":[{"href":"https:\/\/traildesroses.com\/index.php?rest_route=%2Fwp%2Fv2%2Fmedia&parent=61"}],"curies":[{"name":"wp","href":"https:\/\/api.w.org\/{rel}","templated":true}]}}