{"id":43,"date":"2019-09-18T14:52:07","date_gmt":"2019-09-18T12:52:07","guid":{"rendered":"http:\/\/traildesroses.com\/?page_id=43"},"modified":"2025-11-25T11:54:52","modified_gmt":"2025-11-25T10:54:52","slug":"reglement","status":"publish","type":"page","link":"https:\/\/traildesroses.com\/?page_id=43","title":{"rendered":"R\u00e8glement"},"content":{"rendered":"\n<p><strong>Article 1&nbsp;: Organisateurs<\/strong><\/p>\n\n\n\n<p>Le Trail des Roses est une course nature organis\u00e9e par le sou des \u00e9coles de Moras (association loi 1901). Vous pouvez contacter l\u2019organisateur \u00e0 tout moment par t\u00e9l\u00e9phone au 06 16 91 23 22 ou par mail&nbsp;: <a href=\"mailto:contact@traildesroses.com\">contact@traildesroses.com<\/a><\/p>\n\n\n\n<p><strong>Article 2&nbsp;: Date, horaires et circuits<\/strong><\/p>\n\n\n\n<p>Le Trail des Roses aura lieu le dimanche 1 mars 2026 \u00e0 Moras en Is\u00e8re. Il est compos\u00e9 de 2 courses&nbsp;: un trail chronom\u00e9tr\u00e9 de 10 km \/ un trail chronom\u00e9tr\u00e9 de 21 km.<\/p>\n\n\n\n<ul class=\"wp-block-list\">\n<li><strong><u>un trail chronom\u00e9tr\u00e9 de 10 km \u00ab\u00a0le tour des hameaux\u00a0\u00bb <\/u><\/strong>: un\u00a0trail de 10 km\u00a0 avec 90\u00a0% de chemins. Circuit vallonn\u00e9 avec un D+ de 250 m : d\u00e9part \u00e0 10h00 (un ravitaillement sur le circuit).<\/li>\n<\/ul>\n\n\n\n<p>Barri\u00e8re horaire&nbsp;: 3h pour l\u2019arriv\u00e9e.<\/p>\n\n\n\n<p>Limit\u00e9 \u00e0 450 coureurs.<\/p>\n\n\n\n<ul class=\"wp-block-list\">\n<li><strong><u>un trail chronom\u00e9tr\u00e9 de 21 km \u00ab\u00a0le semi des l\u00e9gendes\u00a0\u00bb<\/u><\/strong>: un\u00a0trail de 21 km\u00a0 avec 90\u00a0% de chemins. Circuit plus exigeant avec un D+ de 530 m : d\u00e9part \u00e0 9h30 (1 ravitaillement sur le circuit).<\/li>\n<\/ul>\n\n\n\n<p>Barri\u00e8re horaire&nbsp;: 3h30 pour l\u2019arriv\u00e9e.<\/p>\n\n\n\n<p>Limit\u00e9 \u00e0 450 coureurs.<\/p>\n\n\n\n<p>A l\u2019arriv\u00e9e, pour les 2 courses, une collation chaude + 1 boisson seront offertes ainsi qu\u2019un ravitaillement.<\/p>\n\n\n\n<p><strong>Le retrait des dossards<\/strong> se fera dans la salle des f\u00eates de Moras<\/p>\n\n\n\n<ul class=\"wp-block-list\">\n<li>Pour les 2 courses\u00a0: le samedi 28\/02\/26 entre 16h et 18h<\/li>\n\n\n\n<li>Pour le 20 km\u00a0: le dimanche 01\/03\/26 de 7h45 \u00e0 9h15<\/li>\n\n\n\n<li>Pour le 10km : le dimanche 01\/03\/26 de 8h30 \u00e0 9h45<\/li>\n<\/ul>\n\n\n\n<p>Le d\u00e9part et l\u2019arriv\u00e9e s\u2019effectueront sur le parking de la salle des f\u00eates de Moras.<\/p>\n\n\n\n<p>Des lieux de stationnement seront pr\u00e9vus (signalisation des parkings par des panneaux). Un fl\u00e9chage permettra d\u2019atteindre la zone de retrait des dossards et de d\u00e9part.<\/p>\n\n\n\n<p><strong>Article 3&nbsp;: Condition d\u2019inscription<\/strong><\/p>\n\n\n\n<p><strong>3-1&nbsp;: Cat\u00e9gories d\u2019\u00e2ge<\/strong><\/p>\n\n\n\n<ul class=\"wp-block-list\">\n<li><strong>Le <u>trail chronom\u00e9tr\u00e9 de 10 km \u00ab\u00a0le tour des hameaux\u00a0\u00bb<\/u><\/strong> est ouvert \u00e0 partir des personnes n\u00e9es en 2009. Pour les mineurs, il faudra signer une autorisation parentale.<\/li>\n\n\n\n<li><strong>Le<u> trail chronom\u00e9tr\u00e9 de 21 km \u00ab\u00a0le semi des l\u00e9gendes\u00a0\u00bb <\/u><\/strong>est ouvert aux personnes majeures.<\/li>\n<\/ul>\n\n\n\n<p><strong>3-2&nbsp;: Mineurs<\/strong><\/p>\n\n\n\n<p>Les mineurs peuvent s\u2019inscrire au trail des Roses.&nbsp; Une autorisation parentale sera \u00e0 fournir en pi\u00e8ce jointe sur le formulaire d\u2019inscription ou \u00e0 pr\u00e9senter sur place.<\/p>\n\n\n\n<p><strong>3-3&nbsp;: Certificat m\u00e9dical et licences sportives<\/strong><\/p>\n\n\n\n<ul class=\"wp-block-list\">\n<li><strong><u>Trails de 10 km et 21 km\u00a0:<\/u><\/strong><\/li>\n<\/ul>\n\n\n\n<p>Conform\u00e9ment \u00e0 l\u2019article 231-2-1 du code du sport, la participation \u00e0 la comp\u00e9tition est soumise \u00e0 la pr\u00e9sentation obligatoire&nbsp;:<\/p>\n\n\n\n<ul class=\"wp-block-list\">\n<li>soit d\u2019une\u00a0licence sportive FFA, FFTRI, FFCO, FFPM ou UFOLEP Athl\u00e9\u00a0(en cours de validit\u00e9 \u00e0 la date de la manifestation).<\/li>\n\n\n\n<li>Soit une attestation de pr\u00e9vention sant\u00e9 de moins de 3 mois<\/li>\n<\/ul>\n\n\n\n<p><strong>Article 4&nbsp;: Inscriptions<\/strong><\/p>\n\n\n\n<p>Les inscriptions se font uniquement en ligne via le site \u00ab&nbsp;<em>www.terrederunners.com&nbsp;\u00bb&nbsp; jusqu\u2019au 27 f\u00e9vrier 2026.<\/em><\/p>\n\n\n\n<p>Aucune inscription ne sera possible sur place le jour de la course m\u00eame s\u2019il reste des places disponibles.<\/p>\n\n\n\n<p><strong>4-1&nbsp;: Prix.<\/strong><\/p>\n\n\n\n<p><strong><u>Le trail chronom\u00e9tr\u00e9 de 10 km \u00ab&nbsp;le tour des hameaux&nbsp;\u00bb :<\/u><\/strong>&nbsp; 13\u20ac par internet (inscriptions possibles jusqu\u2019au 27 f\u00e9vrier 2026)<\/p>\n\n\n\n<p><strong><u>Le trail chronom\u00e9tr\u00e9 de 21km \u00ab&nbsp;le semi des l\u00e9gendes&nbsp;\u00bb&nbsp;: <\/u><\/strong>20\u20ac par internet (inscriptions possibles jusqu\u2019au 27 f\u00e9vrier 2026)<\/p>\n\n\n\n<p><strong>4-2&nbsp;: Revente ou cession de dossard<\/strong><\/p>\n\n\n\n<p>Tout engagement est personnel. Aucun transfert d\u2019inscription n\u2019est autoris\u00e9 pour quelque motif que ce soit. Toute personne r\u00e9troc\u00e9dant son dossard \u00e0 une tierce personne, sera reconnue responsable en cas d\u2019accident survenu ou provoqu\u00e9 par cette derni\u00e8re durant l\u2019\u00e9preuve. Toute personne disposant d\u2019un dossard acquis en infraction avec le pr\u00e9sent r\u00e8glement pourra \u00eatre disqualifi\u00e9e. &nbsp;L\u2019organisation d\u00e9cline toute responsabilit\u00e9 en cas d\u2019accident face \u00e0 ce type de situation<\/p>\n\n\n\n<p><strong>4-3&nbsp;: Remboursement<\/strong><\/p>\n\n\n\n<p>En fonction de l\u2019\u00e9volution du contexte sanitaire et des conditions climatiques, l\u2019organisateur se r\u00e9serve le droit d\u2019annuler ou de stopper la course en cas de conditions d\u00e9favorables et dangereuses mettant en p\u00e9ril la s\u00e9curit\u00e9 des participants tant au niveau des parcours, de la m\u00e9t\u00e9o ou d\u2019\u00e9v\u00e8nements impr\u00e9vus. Aucun remboursement ne sera effectu\u00e9.<\/p>\n\n\n\n<p><strong>Article 5&nbsp;: Assurance<\/strong><\/p>\n\n\n\n<p>Les organisateurs sont couverts par une police d\u2019assurance responsabilit\u00e9 civile souscrite aupr\u00e8s de GENERALI pour la dur\u00e9e de l\u2019\u00e9preuve. &nbsp;Les licenci\u00e9s b\u00e9n\u00e9ficient des garanties accord\u00e9es par les assurances li\u00e9es \u00e0 leur licence sportive. Il incombe aux autres participants de s\u2019assurer personnellement. L\u2019organisation ne peut en aucun cas \u00eatre tenue pour responsable en cas d\u2019accident ou de d\u00e9faillance des participants notamment ceux cons\u00e9cutifs \u00e0 un mauvais \u00e9tat de sant\u00e9 ou \u00e0 une pr\u00e9paration insuffisante. La participation se fait sous l\u2019enti\u00e8re responsabilit\u00e9 des concurrents avec renonciation \u00e0 tout recours contre les organisateurs en cas de dommages ou de s\u00e9quelles ult\u00e9rieurs \u00e0 la course. Les organisateurs d\u00e9clinent toute responsabilit\u00e9 en cas de vol ou de d\u00e9gradation de mat\u00e9riel.<\/p>\n\n\n\n<p><strong>Article 6&nbsp;: S\u00e9curit\u00e9<\/strong><\/p>\n\n\n\n<p>La s\u00e9curit\u00e9 et l\u2019assistance m\u00e9dicale des participants sont du ressort de l\u2019organisateur qui mettra en place un Dispositif Pr\u00e9visionnel de Secours (DPS). La s\u00e9curit\u00e9 sera assur\u00e9e par des signaleurs sur les voies routi\u00e8res, un m\u00e9decin sur place, une \u00e9quipe de secouristes avec les moyens logistiques n\u00e9cessaires. Les services de secours (SDIS) et de gendarmerie seront avertis de l\u2019\u00e9v\u00e9nement.<\/p>\n\n\n\n<p><strong>Articles 7&nbsp;:&nbsp;Chronom\u00e9trage<\/strong><\/p>\n\n\n\n<p>Le chronom\u00e9trage est assur\u00e9 par la soci\u00e9t\u00e9 \u00ab&nbsp;Altichrono&nbsp;\u00bb via des puces \u00e9lectroniques.&nbsp; Le port d\u2019une puce ne correspondant pas \u00e0 l\u2019identit\u00e9 du porteur entra\u00eenera la disqualification du concurrent.<\/p>\n\n\n\n<p><strong>Article 8&nbsp;:&nbsp;Classement et r\u00e9compenses<\/strong><\/p>\n\n\n\n<p><strong><u>Le trail chronom\u00e9tr\u00e9 de 10 km \u00ab&nbsp;le tour des hameaux&nbsp;\u00bb :<\/u><\/strong> une r\u00e9compense sera remise \u00e0 minima aux trois premiers coureurs du classement scratch hommes et du classement scratch femmes.<\/p>\n\n\n\n<ul class=\"wp-block-list\">\n<li><strong><u>Le trail chronom\u00e9tr\u00e9 de 21 km \u00ab\u00a0le semi des l\u00e9gendes\u00a0\u00bb :<\/u><\/strong> une r\u00e9compense sera remise \u00e0 minima aux trois premiers coureurs du classement scratch hommes et du classement scratch femmes.<\/li>\n<\/ul>\n\n\n\n<p>Une rose sera distribu\u00e9e sur la ligne d\u2019arriv\u00e9e \u00e0 chaque coureur terminant l\u2019\u00e9preuve. Les classements seront diffus\u00e9s le soir m\u00eame sur le site de la course. Le dossard donne droit \u00e0 une boisson et \u00e0 un repas.<\/p>\n\n\n\n<p><strong>Article 9&nbsp;: Charte du coureur<\/strong><\/p>\n\n\n\n<p>Tout concurrent est tenu \u00e0 assistance en cas d\u2019accident d\u2019un autre concurrent (jusqu\u2019\u00e0 l\u2019arriv\u00e9e des secours). Tout abandon de mat\u00e9riel, tout jet de d\u00e9chet, hors des lieux pr\u00e9vus \u00e0 cet effet entra\u00eenera la mise hors-course du concurrent fautif.<\/p>\n\n\n\n<p>L\u2019organisation se r\u00e9serve le droit d\u2019exclure toute personne tenant des propos injurieux \u00e0 son \u00e9gard,<strong> y compris sur les r\u00e9seaux sociaux.<\/strong><\/p>\n\n\n\n<p><strong>Article 10&nbsp;: Droit \u00e0 l\u2019image<\/strong><\/p>\n\n\n\n<p>Du fait de son engagement, chaque coureur autorise express\u00e9ment les organisateurs \u00e0 utiliser les images fixes ou audiovisuelles sur lesquelles il pourrait appara\u00eetre, prises \u00e0 l\u2019occasion de sa participation aux \u00e9preuves, sur tous supports y compris les documents promotionnels et \/ ou publicitaires.<\/p>\n\n\n\n<p><strong>Article 11&nbsp;: Animaux<\/strong><\/p>\n\n\n\n<p>Les animaux ne sont pas autoris\u00e9s sur les courses.<\/p>\n\n\n\n<p><strong>Article 12&nbsp;: Loi Informatique et Libert\u00e9s<\/strong><\/p>\n\n\n\n<p>Les r\u00e9sultats pourront \u00eatre publi\u00e9s sur le site Internet de l\u2019\u00e9preuve et autre site. Si des&nbsp;participants souhaitent s\u2019opposer \u00e0 la publication de leur r\u00e9sultat ils doivent express\u00e9ment en informer l\u2019organisateur.<\/p>\n","protected":false},"excerpt":{"rendered":"<p>Article 1&nbsp;: Organisateurs Le Trail des Roses est une course nature organis\u00e9e par le sou des \u00e9coles de Moras (association loi 1901). Vous pouvez contacter l\u2019organisateur \u00e0 tout moment par t\u00e9l\u00e9phone au 06 16 91 23 22 ou par mail&nbsp;: contact@traildesroses.com Article 2&nbsp;: Date, horaires et circuits Le Trail des Roses aura lieu le dimanche &hellip; <\/p>\n<p class=\"link-more\"><a href=\"https:\/\/traildesroses.com\/?page_id=43\" class=\"more-link\">Continuer la lecture<span class=\"screen-reader-text\"> de &laquo;&nbsp;R\u00e8glement&nbsp;&raquo;<\/span><\/a><\/p>\n","protected":false},"author":1,"featured_media":0,"parent":0,"menu_order":0,"comment_status":"closed","ping_status":"closed","template":"","meta":{"footnotes":""},"class_list":["post-43","page","type-page","status-publish","hentry"],"_links":{"self":[{"href":"https:\/\/traildesroses.com\/index.php?rest_route=\/wp\/v2\/pages\/43","targetHints":{"allow":["GET"]}}],"collection":[{"href":"https:\/\/traildesroses.com\/index.php?rest_route=\/wp\/v2\/pages"}],"about":[{"href":"https:\/\/traildesroses.com\/index.php?rest_route=\/wp\/v2\/types\/page"}],"author":[{"embeddable":true,"href":"https:\/\/traildesroses.com\/index.php?rest_route=\/wp\/v2\/users\/1"}],"replies":[{"embeddable":true,"href":"https:\/\/traildesroses.com\/index.php?rest_route=%2Fwp%2Fv2%2Fcomments&post=43"}],"version-history":[{"count":14,"href":"https:\/\/traildesroses.com\/index.php?rest_route=\/wp\/v2\/pages\/43\/revisions"}],"predecessor-version":[{"id":910,"href":"https:\/\/traildesroses.com\/index.php?rest_route=\/wp\/v2\/pages\/43\/revisions\/910"}],"wp:attachment":[{"href":"https:\/\/traildesroses.com\/index.php?rest_route=%2Fwp%2Fv2%2Fmedia&parent=43"}],"curies":[{"name":"wp","href":"https:\/\/api.w.org\/{rel}","templated":true}]}}