{"id":393,"date":"2021-04-20T14:50:31","date_gmt":"2021-04-20T12:50:31","guid":{"rendered":"http:\/\/traildesroses.com\/?page_id=393"},"modified":"2025-11-25T11:58:09","modified_gmt":"2025-11-25T10:58:09","slug":"infos-pratiques-boucle-rose","status":"publish","type":"page","link":"https:\/\/traildesroses.com\/?page_id=393","title":{"rendered":"Infos Pratiques Trail des Roses"},"content":{"rendered":"\n<p><strong><em>Informations pratiques<\/em><\/strong><\/p>\n\n\n\n<p><strong><em>Retrait des dossards&nbsp;<\/em><\/strong>:<\/p>\n\n\n\n<p>Le samedi 28 f\u00e9vrier 2026 entre 16h et 18h pour les 2 courses.<\/p>\n\n\n\n<p>Le dimanche matin \u00e0 la salle des f\u00eates de Moras&nbsp;:<\/p>\n\n\n\n<ul class=\"wp-block-list\">\n<li>De 7h45 \u00e0 9h15 pour le 21 km.<\/li>\n\n\n\n<li>De 8h30 \u00e0 9h45 pour le\u00a0 10 km<\/li>\n<\/ul>\n\n\n\n<p><strong><em><u>Inscription sur place&nbsp;<\/u><\/em><\/strong><em>: <\/em>aucune inscription sur place<\/p>\n\n\n\n<p><strong><u>Horaires de d\u00e9part&nbsp;:<\/u><\/strong><\/p>\n\n\n\n<p>9h30 pour le 21km<\/p>\n\n\n\n<p>10h pour le 10 km<\/p>\n\n\n\n<p><strong><em>Parking&nbsp;<\/em><\/strong>: 2 zones de parking seront \u00e0 votre disposition&nbsp;:<\/p>\n\n\n\n<ul class=\"wp-block-list\">\n<li>L\u2019une vers la salle des f\u00eates et le lieu de d\u00e9part et d\u2019arriv\u00e9e de la course (80 places).<\/li>\n\n\n\n<li>2 autres \u00e0 5 minutes de marche environ.<\/li>\n<\/ul>\n\n\n\n<p>Un fl\u00e9chage permettra de rejoindre la zone de d\u00e9part et d\u2019arriv\u00e9e ainsi que le lieu de retrait des dossards.<\/p>\n\n\n\n<p><strong><em>Arriv\u00e9e et repas&nbsp;<\/em><\/strong>: La collation d\u2019arriv\u00e9e est comprise dans le prix d\u2019inscription.<\/p>\n\n\n\n<p><strong><em>Sacs&nbsp;:<\/em><\/strong> Vos sacs pourront \u00eatre d\u00e9pos\u00e9s si besoin dans la salle de retrait des dossards. L\u2019organisation ne sera pas tenue responsable en cas de perte ou de vol.<\/p>\n\n\n\n<p><strong><em>Toilettes&nbsp;: <\/em><\/strong>Destoilettes sont disponibles pr\u00e8s de la zone de d\u00e9part. Pas de douches.<\/p>\n\n\n\n<p><strong>Buvette et repas&nbsp;: <\/strong>Pour les accompagnateurs des coureurs et les spectateurs, une buvette sera install\u00e9e.<\/p>\n\n\n\n<p><strong><em>Objectif&nbsp;de la manifestation&nbsp;: <\/em><\/strong>cette manifestation est organis\u00e9e par le sou des \u00e9coles pour financer un s\u00e9jour scolaire.<\/p>\n","protected":false},"excerpt":{"rendered":"<p>Informations pratiques Retrait des dossards&nbsp;: Le samedi 28 f\u00e9vrier 2026 entre 16h et 18h pour les 2 courses. Le dimanche matin \u00e0 la salle des f\u00eates de Moras&nbsp;: Inscription sur place&nbsp;: aucune inscription sur place Horaires de d\u00e9part&nbsp;: 9h30 pour le 21km 10h pour le 10 km Parking&nbsp;: 2 zones de parking seront \u00e0 votre &hellip; <\/p>\n<p class=\"link-more\"><a href=\"https:\/\/traildesroses.com\/?page_id=393\" class=\"more-link\">Continuer la lecture<span class=\"screen-reader-text\"> de &laquo;&nbsp;Infos Pratiques Trail des Roses&nbsp;&raquo;<\/span><\/a><\/p>\n","protected":false},"author":1,"featured_media":0,"parent":0,"menu_order":0,"comment_status":"closed","ping_status":"closed","template":"","meta":{"footnotes":""},"class_list":["post-393","page","type-page","status-publish","hentry"],"_links":{"self":[{"href":"https:\/\/traildesroses.com\/index.php?rest_route=\/wp\/v2\/pages\/393","targetHints":{"allow":["GET"]}}],"collection":[{"href":"https:\/\/traildesroses.com\/index.php?rest_route=\/wp\/v2\/pages"}],"about":[{"href":"https:\/\/traildesroses.com\/index.php?rest_route=\/wp\/v2\/types\/page"}],"author":[{"embeddable":true,"href":"https:\/\/traildesroses.com\/index.php?rest_route=\/wp\/v2\/users\/1"}],"replies":[{"embeddable":true,"href":"https:\/\/traildesroses.com\/index.php?rest_route=%2Fwp%2Fv2%2Fcomments&post=393"}],"version-history":[{"count":11,"href":"https:\/\/traildesroses.com\/index.php?rest_route=\/wp\/v2\/pages\/393\/revisions"}],"predecessor-version":[{"id":912,"href":"https:\/\/traildesroses.com\/index.php?rest_route=\/wp\/v2\/pages\/393\/revisions\/912"}],"wp:attachment":[{"href":"https:\/\/traildesroses.com\/index.php?rest_route=%2Fwp%2Fv2%2Fmedia&parent=393"}],"curies":[{"name":"wp","href":"https:\/\/api.w.org\/{rel}","templated":true}]}}